{"id":562,"date":"2013-06-04T19:22:51","date_gmt":"2013-06-04T16:22:51","guid":{"rendered":"http:\/\/www.siirak.ee\/dev\/hm\/?page_id=562"},"modified":"2018-09-18T15:55:13","modified_gmt":"2018-09-18T12:55:13","slug":"%d0%ba%d0%be%d0%bd%d1%82%d0%b0%d0%ba%d1%82%d1%8b","status":"publish","type":"page","link":"https:\/\/www.haademeestevesi.ee\/ru\/%d0%ba%d0%be%d0%bd%d1%82%d0%b0%d0%ba%d1%82%d1%8b\/","title":{"rendered":"\u041a\u043e\u043d\u0442\u0430\u043a\u0442\u044b"},"content":{"rendered":"<p style=\"font-family: Arial, Helvetica, sans-serif;\"><span style=\"font-size: 20px;\">Keisri K\u00f6\u00f6k O\u00dc<\/span><\/p>\n<p style=\"font-family: Arial, Helvetica, sans-serif;\"><span style=\"font-size: 20px;\">Asuja 9, H\u00e4\u00e4demeeste<br \/>\n<\/span><span style=\"font-size: 20px;\">86001, P\u00e4rnumaa<br \/>\n<\/span><span style=\"font-size: 20px;\">\u042d\u0441\u0442\u043e\u043d\u0438\u044f<\/span><\/p>\n<p style=\"font-family: Arial, Helvetica, sans-serif;\"><span style=\"font-size: 20px;\">\u0422\u0435\u043b: (+372) 6973 777<\/span><br \/>\n<span style=\"font-size: 20px;\"> \u041c\u043e\u0431: (+372) 56 973 777<\/span><\/p>\n<p><span style=\"font-size: 20px;\"> \u042d\u043b\u0435\u043a\u0442\u0440\u043e\u043d\u043d\u0430\u044f \u043f\u043e\u0447\u0442\u0430: vesi@haademeeste.ee<\/span><\/p>\n","protected":false},"excerpt":{"rendered":"<p>Keisri K\u00f6\u00f6k O\u00dc Asuja 9, H\u00e4\u00e4demeeste 86001, P\u00e4rnumaa \u042d\u0441\u0442\u043e\u043d\u0438\u044f \u0422\u0435\u043b: (+372) 6973 777 \u041c\u043e\u0431: (+372) 56 973 777 \u042d\u043b\u0435\u043a\u0442\u0440\u043e\u043d\u043d\u0430\u044f \u043f\u043e\u0447\u0442\u0430: vesi@haademeeste.ee<\/p>\n","protected":false},"author":1,"featured_media":0,"parent":0,"menu_order":5,"comment_status":"closed","ping_status":"open","template":"","meta":{"footnotes":""},"class_list":["post-562","page","type-page","status-publish","hentry"],"_links":{"self":[{"href":"https:\/\/www.haademeestevesi.ee\/ru\/wp-json\/wp\/v2\/pages\/562","targetHints":{"allow":["GET"]}}],"collection":[{"href":"https:\/\/www.haademeestevesi.ee\/ru\/wp-json\/wp\/v2\/pages"}],"about":[{"href":"https:\/\/www.haademeestevesi.ee\/ru\/wp-json\/wp\/v2\/types\/page"}],"author":[{"embeddable":true,"href":"https:\/\/www.haademeestevesi.ee\/ru\/wp-json\/wp\/v2\/users\/1"}],"replies":[{"embeddable":true,"href":"https:\/\/www.haademeestevesi.ee\/ru\/wp-json\/wp\/v2\/comments?post=562"}],"version-history":[{"count":5,"href":"https:\/\/www.haademeestevesi.ee\/ru\/wp-json\/wp\/v2\/pages\/562\/revisions"}],"predecessor-version":[{"id":1309,"href":"https:\/\/www.haademeestevesi.ee\/ru\/wp-json\/wp\/v2\/pages\/562\/revisions\/1309"}],"wp:attachment":[{"href":"https:\/\/www.haademeestevesi.ee\/ru\/wp-json\/wp\/v2\/media?parent=562"}],"curies":[{"name":"wp","href":"https:\/\/api.w.org\/{rel}","templated":true}]}}