{"id":289,"date":"2013-05-21T15:31:59","date_gmt":"2013-05-21T12:31:59","guid":{"rendered":"http:\/\/www.siirak.ee\/dev\/hm\/?page_id=289"},"modified":"2018-09-18T15:55:01","modified_gmt":"2018-09-18T12:55:01","slug":"contact","status":"publish","type":"page","link":"https:\/\/www.haademeestevesi.ee\/en\/contact\/","title":{"rendered":"Contact"},"content":{"rendered":"<p style=\"font-family: Arial, Helvetica, sans-serif;\"><span style=\"font-size: 20px;\">Keisri K\u00f6\u00f6k O\u00dc<\/span><\/p>\n<p style=\"font-family: Arial, Helvetica, sans-serif;\"><span style=\"font-size: 20px;\">Asuja 9, H\u00e4\u00e4demeeste<br \/>\n<\/span><span style=\"font-size: 20px;\">86001, P\u00e4rnumaa<br \/>\n<\/span><span style=\"font-size: 20px;\">Estonia<\/span><\/p>\n<p style=\"font-family: Arial, Helvetica, sans-serif;\"><span style=\"font-size: 20px;\">Phone: (+372) 6973 777<\/span><br \/>\n<span style=\"font-size: 20px;\"> Cell: (+372) 56 973 777<\/span><\/p>\n<p><span style=\"font-size: 20px;\"> E-mail: vesi@haademeeste.ee<\/span><\/p>\n","protected":false},"excerpt":{"rendered":"<p>Keisri K\u00f6\u00f6k O\u00dc Asuja 9, H\u00e4\u00e4demeeste 86001, P\u00e4rnumaa Estonia Phone: (+372) 6973 777 Cell: (+372) 56 973 777 E-mail: vesi@haademeeste.ee<\/p>\n","protected":false},"author":1,"featured_media":0,"parent":0,"menu_order":5,"comment_status":"closed","ping_status":"open","template":"","meta":{"footnotes":""},"class_list":["post-289","page","type-page","status-publish","hentry"],"_links":{"self":[{"href":"https:\/\/www.haademeestevesi.ee\/en\/wp-json\/wp\/v2\/pages\/289","targetHints":{"allow":["GET"]}}],"collection":[{"href":"https:\/\/www.haademeestevesi.ee\/en\/wp-json\/wp\/v2\/pages"}],"about":[{"href":"https:\/\/www.haademeestevesi.ee\/en\/wp-json\/wp\/v2\/types\/page"}],"author":[{"embeddable":true,"href":"https:\/\/www.haademeestevesi.ee\/en\/wp-json\/wp\/v2\/users\/1"}],"replies":[{"embeddable":true,"href":"https:\/\/www.haademeestevesi.ee\/en\/wp-json\/wp\/v2\/comments?post=289"}],"version-history":[{"count":5,"href":"https:\/\/www.haademeestevesi.ee\/en\/wp-json\/wp\/v2\/pages\/289\/revisions"}],"predecessor-version":[{"id":1307,"href":"https:\/\/www.haademeestevesi.ee\/en\/wp-json\/wp\/v2\/pages\/289\/revisions\/1307"}],"wp:attachment":[{"href":"https:\/\/www.haademeestevesi.ee\/en\/wp-json\/wp\/v2\/media?parent=289"}],"curies":[{"name":"wp","href":"https:\/\/api.w.org\/{rel}","templated":true}]}}