{"id":2,"date":"2013-04-03T09:26:43","date_gmt":"2013-04-03T09:26:43","guid":{"rendered":"http:\/\/localhost\/hm\/?page_id=2"},"modified":"2015-04-07T19:31:55","modified_gmt":"2015-04-07T16:31:55","slug":"history","status":"publish","type":"page","link":"https:\/\/www.haademeestevesi.ee\/en\/history\/","title":{"rendered":"History of Goodmen&#8217;s mineral water"},"content":{"rendered":"<p style=\"text-align: center;\"><strong><img loading=\"lazy\" decoding=\"async\" class=\"aligncenter size-full wp-image-124\" alt=\"1967\" src=\"https:\/\/www.haademeestevesi.ee\/wp-content\/uploads\/2013\/05\/1967.jpg\" width=\"739\" height=\"299\" \/><br \/>\n<\/strong><span style=\"font-size: medium;\">In 1967 the first borehole was drilled in Arumetsa and the production of Goodmen&#8217;s mineral water could begin. Chemically the water belonged to the sodium chloride group of mineral waters with the average content of minerals being 3-5 g\/l. It had a favourable effect on digestion and intestines and it was used as a cure for gastric hypoacidity.<\/span><\/p>\n<p style=\"text-align: center;\"><strong><img loading=\"lazy\" decoding=\"async\" class=\"aligncenter size-full wp-image-124\" alt=\"1972\" src=\"https:\/\/www.haademeestevesi.ee\/wp-content\/uploads\/2013\/05\/1972.jpg\" width=\"739\" height=\"299\" \/><br \/>\n<\/strong><span style=\"font-size: medium;\"> In 1972 the Arumetsa kolkhoz decided to build a cannery in the buildings of an old manor house where they also planned to produce mineral water. The initial aim was to produce up to 50 t of Goodmen&#8217;s mineral water and to employ on average 15 workers. The cannery was launched in September 1975. The same year they started to produce Goodmen&#8217;s mineral water. A variety of mixtures of mineral water, juice and syrups was tested and developed on the site. The pilot production received a positive evaluation from the former Central Laboratory of Food Industry and the Ministry of Agriculture. However, due to the bureaucracy and competition the initative was forced to die down. In 1988 the cannery was closed.<\/span><\/p>\n<p style=\"text-align: center;\"><strong><img loading=\"lazy\" decoding=\"async\" class=\"aligncenter size-full wp-image-124\" alt=\"1984\" src=\"https:\/\/www.haademeestevesi.ee\/wp-content\/uploads\/2013\/05\/1984.jpg\" width=\"739\" height=\"299\" \/><br \/>\n<\/strong><span style=\"font-size: medium;\"> By the year 1984 the Arumetsa borehole became outdated. According to the evaluation of the Institute of Geology the bore casing pipes of the well had become outdated which caused the chemical composition of the water to be unstable. The institute recommended building a new well within the radius of 2 km of the existing one and closing down the old one. <\/span><\/p>\n<p style=\"text-align: center;\"><strong><img loading=\"lazy\" decoding=\"async\" class=\"aligncenter size-full wp-image-124\" alt=\"1985\" src=\"https:\/\/www.haademeestevesi.ee\/wp-content\/uploads\/2013\/05\/1985.jpg\" width=\"739\" height=\"299\" \/><br \/>\n<\/strong><span style=\"font-size: medium;\">In 1985 a new borehole was built near H\u00e4\u00e4demeeste which functions to this day. The same year P\u00e4rnu Brewery started to produce mineral water called &#8220;P\u00e4rnu&#8221;.<br \/>\nAlong with the decline of P\u00e4rnu Brewery, the production of mineral water was ceased.<\/span><\/p>\n<p style=\"text-align: center;\"><strong><img loading=\"lazy\" decoding=\"async\" class=\"aligncenter size-full wp-image-124\" alt=\"2012\" src=\"https:\/\/www.haademeestevesi.ee\/wp-content\/uploads\/2013\/05\/2012.jpg\" width=\"739\" height=\"299\" \/><br \/>\n<\/strong><span style=\"font-size: medium;\">In 2012 a completely new factory was built in H\u00e4\u00e4demeeste and the production of equally great mineral water which decades ago had attracted many people was restored.<\/span><\/p>\n","protected":false},"excerpt":{"rendered":"<p>In 1967 the first borehole was drilled in Arumetsa and the production of Goodmen&#8217;s mineral water could begin. Chemically the water belonged to the sodium chloride group of mineral waters with the average content of minerals being 3-5 g\/l. It had a favourable effect on digestion and intestines and it was used as a cure [&hellip;]<\/p>\n","protected":false},"author":1,"featured_media":0,"parent":0,"menu_order":2,"comment_status":"closed","ping_status":"closed","template":"","meta":{"footnotes":""},"class_list":["post-2","page","type-page","status-publish","hentry"],"_links":{"self":[{"href":"https:\/\/www.haademeestevesi.ee\/en\/wp-json\/wp\/v2\/pages\/2","targetHints":{"allow":["GET"]}}],"collection":[{"href":"https:\/\/www.haademeestevesi.ee\/en\/wp-json\/wp\/v2\/pages"}],"about":[{"href":"https:\/\/www.haademeestevesi.ee\/en\/wp-json\/wp\/v2\/types\/page"}],"author":[{"embeddable":true,"href":"https:\/\/www.haademeestevesi.ee\/en\/wp-json\/wp\/v2\/users\/1"}],"replies":[{"embeddable":true,"href":"https:\/\/www.haademeestevesi.ee\/en\/wp-json\/wp\/v2\/comments?post=2"}],"version-history":[{"count":5,"href":"https:\/\/www.haademeestevesi.ee\/en\/wp-json\/wp\/v2\/pages\/2\/revisions"}],"predecessor-version":[{"id":688,"href":"https:\/\/www.haademeestevesi.ee\/en\/wp-json\/wp\/v2\/pages\/2\/revisions\/688"}],"wp:attachment":[{"href":"https:\/\/www.haademeestevesi.ee\/en\/wp-json\/wp\/v2\/media?parent=2"}],"curies":[{"name":"wp","href":"https:\/\/api.w.org\/{rel}","templated":true}]}}